{"id":42,"date":"2019-05-08T07:55:31","date_gmt":"2019-05-08T05:55:31","guid":{"rendered":"https:\/\/www.cbg-weiden.de\/?page_id=42"},"modified":"2022-04-05T21:11:45","modified_gmt":"2022-04-05T19:11:45","slug":"ueber-uns","status":"publish","type":"page","link":"https:\/\/www.cbg-weiden.de\/ru\/ueber-uns\/","title":{"rendered":"\u00dcber uns"},"content":{"rendered":"<div data-elementor-type=\"wp-post\" data-elementor-id=\"42\" class=\"elementor elementor-42\">\n\t\t\t\t\t\t<section class=\"elementor-section elementor-top-section elementor-element elementor-element-4ebafb2 elementor-section-full_width elementor-section-content-middle elementor-section-height-default elementor-section-height-default\" data-id=\"4ebafb2\" data-element_type=\"section\" data-e-type=\"section\">\n\t\t\t\t\t\t<div class=\"elementor-container elementor-column-gap-default\">\n\t\t\t\t\t<div class=\"elementor-column elementor-col-100 elementor-top-column elementor-element elementor-element-d484da4\" data-id=\"d484da4\" data-element_type=\"column\" data-e-type=\"column\">\n\t\t\t<div class=\"elementor-widget-wrap elementor-element-populated\">\n\t\t\t\t\t\t<div class=\"elementor-element elementor-element-1be417e elementor-widget elementor-widget-text-editor\" data-id=\"1be417e\" data-element_type=\"widget\" data-e-type=\"widget\" data-widget_type=\"text-editor.default\">\n\t\t\t\t<div class=\"elementor-widget-container\">\n\t\t\t\t\t\t\t\t\t<p style=\"text-align: justify;\">Im Februar 2010 haben sich 9 Personen zu einer kleinen deutsch &#8211; russischen Gemeinde zusammengeschlossen.\nDer Gottesdienst fand mehrere Jahre lang in den R\u00e4umen einer einheimischen\nGemeinde in Weiden statt, weil es erstmals keine andere M\u00f6glichkeit gab. Doch\nim September 2016 hat Gott Seinen Segen f\u00fcr ein eigenes Gemeindehaus gegeben,\ndass &#8222;Das Bethaus&#8220; genannt wurde. Mit diesem Namen wird deutlich\ngemacht, dass die Gebetsbeziehung zu Gott \u00e4u\u00dferst wichtig f\u00fcr ein\nGemeindeleben, sowie als auch f\u00fcr jeden einzelnen Christen ist. Jesus Christus\nspricht: &#8222;Denn wo zwei oder drei versammelt sind in meinem Namen, da bin\nich mitten unter ihnen.&#8220; (Matth\u00e4us 18:20Und was ihr bitten werdet in meinem Namen, das will ich tun, auf dass\nder Vater verherrlicht werde im Sohn.&#8220; (Johannes 14:13)<\/p>\n<p style=\"text-align: justify;\">Die Gottesdienste finden \u00fcberwiegend in russischer Sprache statt, jedoch gibt es f\u00fcr die Besucher\nimmer eine \u00dcbersetzungsm\u00f6glichkeit in beiden Sprachen. Der Sonntagsgottesdienst\numfasst meist 2 Predigten, ein umfangreiches Kinder- und Jugendprogramm,\nbestehend aus Gedichten, Liedern, Kindergeschichten, pers\u00f6nlichen Zeugnissen\nusw. Auch die Erwachsenen sind mit ihren pers\u00f6nlichen Beitr\u00e4gen immer\nwillkommen. Am Freitag gibt es abwechselnd einen Gebetsgottesdienst oder das\nBibelstudium. Parallel dazu l\u00e4uft der Unterricht mit Kindern und Jugendlichen ab.<\/p>\n<p style=\"text-align: justify;\">Unser vorrangigstes Ziel ist, dass jeder, der in den Gottesdienst kommt, das Evangelium von Jesus\nChristus, mit anderen Worten die &#8222;Frohe Botschaft&#8220; von der Vergebung\nder S\u00fcnden und von der M\u00f6glichkeit der Vers\u00f6hnung mit Gott durch Jesus Christus,\nh\u00f6ren und verstehen kann. Denn nur durch Jesus Christus haben wir die Chance,\nden tiefen inneren Frieden und die echte innere Freude und Freiheit zu erlangen,\nnach der sich jeder Mensch in Wirklichkeit sehnt, diese jedoch meist an\nfalschen Stellen zu finden versucht. Im Markusevangelium gibt Jesus Christus\nSeinen J\u00fcngern diesbez\u00fcglich den folgenden Auftrag: &#8222;Geht hinaus in die\nganze Welt und verk\u00fcndet das Evangelium der ganzen Sch\u00f6pfung! Wer glaubt und\nsich taufen l\u00e4sst, wird gerettet; wer aber nicht glaubt, wird verurteilt werden.&#8220;(Markus 16:15-16)<\/p>\n<p style=\"text-align: justify;\">Somit ist jeder Mensch, ob gro\u00df oder klein, in unserer Gemeinde herzlich willkommen. Wer eine Gebetsunterst\u00fctzung,\neine seelsorgerische oder praktische Hilfestellung f\u00fcr den Alltag sucht, ist\nbei uns auch an der richtigen Stelle. Es ist eine gro\u00dfe Freude f\u00fcr uns, wenn\nwir, dank der Gnade und der Kraft, die wir durch Jesus Christus erfahren haben,\nunseren Mitmenschen mit unseren Gaben dienen k\u00f6nnen. &#8222;Denn das ganze\nGesetz ist in dem einen Wort erf\u00fcllt: Du sollst deinen N\u00e4chsten lieben wie dich selbst!&#8220; (Galater 5:14)<\/p>\t\t\t\t\t\t\t\t<\/div>\n\t\t\t\t<\/div>\n\t\t\t\t\t<\/div>\n\t\t<\/div>\n\t\t\t\t\t<\/div>\n\t\t<\/section>\n\t\t\t\t<\/div>","protected":false},"excerpt":{"rendered":"<p>Im Februar 2010 haben sich 9 Personen zu einer kleinen deutsch &#8211; russischen Gemeinde zusammengeschlossen. Der Gottesdienst fand mehrere Jahre lang in den R\u00e4umen einer einheimischen Gemeinde in Weiden statt, weil es erstmals keine andere M\u00f6glichkeit gab. Doch im September 2016 hat Gott Seinen Segen f\u00fcr ein eigenes Gemeindehaus gegeben, dass &#8222;Das Bethaus&#8220; genannt wurde. [&hellip;]<\/p>\n","protected":false},"author":1,"featured_media":0,"parent":0,"menu_order":0,"comment_status":"closed","ping_status":"closed","template":"elementor_header_footer","meta":{"site-sidebar-layout":"default","site-content-layout":"","ast-site-content-layout":"default","site-content-style":"default","site-sidebar-style":"default","ast-global-header-display":"","ast-banner-title-visibility":"","ast-main-header-display":"","ast-hfb-above-header-display":"","ast-hfb-below-header-display":"","ast-hfb-mobile-header-display":"","site-post-title":"","ast-breadcrumbs-content":"","ast-featured-img":"","footer-sml-layout":"","ast-disable-related-posts":"","theme-transparent-header-meta":"","adv-header-id-meta":"","stick-header-meta":"","header-above-stick-meta":"","header-main-stick-meta":"","header-below-stick-meta":"","astra-migrate-meta-layouts":"default","ast-page-background-enabled":"default","ast-page-background-meta":{"desktop":{"background-color":"","background-image":"","background-repeat":"repeat","background-position":"center center","background-size":"auto","background-attachment":"scroll","background-type":"","background-media":"","overlay-type":"","overlay-color":"","overlay-opacity":"","overlay-gradient":""},"tablet":{"background-color":"","background-image":"","background-repeat":"repeat","background-position":"center center","background-size":"auto","background-attachment":"scroll","background-type":"","background-media":"","overlay-type":"","overlay-color":"","overlay-opacity":"","overlay-gradient":""},"mobile":{"background-color":"","background-image":"","background-repeat":"repeat","background-position":"center center","background-size":"auto","background-attachment":"scroll","background-type":"","background-media":"","overlay-type":"","overlay-color":"","overlay-opacity":"","overlay-gradient":""}},"ast-content-background-meta":{"desktop":{"background-color":"var(--ast-global-color-5)","background-image":"","background-repeat":"repeat","background-position":"center center","background-size":"auto","background-attachment":"scroll","background-type":"","background-media":"","overlay-type":"","overlay-color":"","overlay-opacity":"","overlay-gradient":""},"tablet":{"background-color":"var(--ast-global-color-5)","background-image":"","background-repeat":"repeat","background-position":"center center","background-size":"auto","background-attachment":"scroll","background-type":"","background-media":"","overlay-type":"","overlay-color":"","overlay-opacity":"","overlay-gradient":""},"mobile":{"background-color":"var(--ast-global-color-5)","background-image":"","background-repeat":"repeat","background-position":"center center","background-size":"auto","background-attachment":"scroll","background-type":"","background-media":"","overlay-type":"","overlay-color":"","overlay-opacity":"","overlay-gradient":""}},"footnotes":""},"class_list":["post-42","page","type-page","status-publish","hentry"],"_links":{"self":[{"href":"https:\/\/www.cbg-weiden.de\/ru\/wp-json\/wp\/v2\/pages\/42","targetHints":{"allow":["GET"]}}],"collection":[{"href":"https:\/\/www.cbg-weiden.de\/ru\/wp-json\/wp\/v2\/pages"}],"about":[{"href":"https:\/\/www.cbg-weiden.de\/ru\/wp-json\/wp\/v2\/types\/page"}],"author":[{"embeddable":true,"href":"https:\/\/www.cbg-weiden.de\/ru\/wp-json\/wp\/v2\/users\/1"}],"replies":[{"embeddable":true,"href":"https:\/\/www.cbg-weiden.de\/ru\/wp-json\/wp\/v2\/comments?post=42"}],"version-history":[{"count":19,"href":"https:\/\/www.cbg-weiden.de\/ru\/wp-json\/wp\/v2\/pages\/42\/revisions"}],"predecessor-version":[{"id":920,"href":"https:\/\/www.cbg-weiden.de\/ru\/wp-json\/wp\/v2\/pages\/42\/revisions\/920"}],"wp:attachment":[{"href":"https:\/\/www.cbg-weiden.de\/ru\/wp-json\/wp\/v2\/media?parent=42"}],"curies":[{"name":"wp","href":"https:\/\/api.w.org\/{rel}","templated":true}]}}