{"id":45,"date":"2019-05-08T07:54:42","date_gmt":"2019-05-08T05:54:42","guid":{"rendered":"https:\/\/www.cbg-weiden.de\/?page_id=45"},"modified":"2022-04-05T21:14:28","modified_gmt":"2022-04-05T19:14:28","slug":"jugend","status":"publish","type":"page","link":"https:\/\/www.cbg-weiden.de\/ru\/jugend\/","title":{"rendered":"Jugend"},"content":{"rendered":"<div data-elementor-type=\"wp-post\" data-elementor-id=\"45\" class=\"elementor elementor-45\">\n\t\t\t\t\t\t<section class=\"elementor-section elementor-top-section elementor-element elementor-element-daf1f7a elementor-section-full_width elementor-section-height-default elementor-section-height-default\" data-id=\"daf1f7a\" data-element_type=\"section\" data-e-type=\"section\">\n\t\t\t\t\t\t<div class=\"elementor-container elementor-column-gap-default\">\n\t\t\t\t\t<div class=\"elementor-column elementor-col-100 elementor-top-column elementor-element elementor-element-1df8d2b\" data-id=\"1df8d2b\" data-element_type=\"column\" data-e-type=\"column\">\n\t\t\t<div class=\"elementor-widget-wrap elementor-element-populated\">\n\t\t\t\t\t\t<div class=\"elementor-element elementor-element-8634ba9 elementor-widget elementor-widget-text-editor\" data-id=\"8634ba9\" data-element_type=\"widget\" data-e-type=\"widget\" data-widget_type=\"text-editor.default\">\n\t\t\t\t<div class=\"elementor-widget-container\">\n\t\t\t\t\t\t\t\t\t<p><span style=\"color: #000000;\">Unsere Jugend besteht momentan aus ca. 10 jungen Menschen zwischen 15 und 25 Jahren.<br>Wir treffen uns jeden Samstag Abend um 19 Uhr.<br><\/span><\/p>\n<p><span style=\"color: #000000;\">Dabei lesen wir zusammen in der Bibel, beten, singen Lobpreislieder und tauschen uns zu verschiedensten Glaubensthemen aus. Unser gr\u00f6\u00dftes Anliegen bei diesen Jugendstunden ist es, Gott n\u00e4her kennenzulernen. <\/span><span style=\"color: #000000;\"><em><br>&#8222;Denn wo zwei oder drei versammelt sind in meinem Namen, da bin ich mitten unter ihnen.<\/em>&#8222;<br>-Matth\u00e4us 18:20. <\/span><\/p>\n<p><span style=\"color: #000000;\">Wir erz\u00e4hlen einander von unseren Gebetsanliegen oder welche Wunder Gott in unserem Leben vollbringt. Dadurch ermutigen wir einander, Jesus Christus, dem Sohn Gottes, nachzufolgen.<br><\/span><\/p>\n<p><span style=\"color: #000000;\">Nat\u00fcrlich verbringen wir auch sonst Zeit zusammen durch Volleyballspiele und andere Aktivit\u00e4ten.<br><\/span><\/p>\n<p><span style=\"color: #000000;\">Falls wir dein Interesse geweckt haben, kannst du jederzeit bei uns vorbeischauen.<br>Bei Fragen, kannst du dich auch jederzeit bei info@cbg-weiden.de melden!<br><\/span><\/p>\n<p><span style=\"color: #000000;\">&nbsp;<\/span><\/p>\t\t\t\t\t\t\t\t<\/div>\n\t\t\t\t<\/div>\n\t\t\t\t\t<\/div>\n\t\t<\/div>\n\t\t\t\t\t<\/div>\n\t\t<\/section>\n\t\t\t\t<\/div>","protected":false},"excerpt":{"rendered":"<p>Unsere Jugend besteht momentan aus ca. 10 jungen Menschen zwischen 15 und 25 Jahren.Wir treffen uns jeden Samstag Abend um 19 Uhr. Dabei lesen wir zusammen in der Bibel, beten, singen Lobpreislieder und tauschen uns zu verschiedensten Glaubensthemen aus. Unser gr\u00f6\u00dftes Anliegen bei diesen Jugendstunden ist es, Gott n\u00e4her kennenzulernen. &#8222;Denn wo zwei oder drei [&hellip;]<\/p>\n","protected":false},"author":1,"featured_media":0,"parent":0,"menu_order":0,"comment_status":"closed","ping_status":"closed","template":"elementor_header_footer","meta":{"site-sidebar-layout":"default","site-content-layout":"","ast-site-content-layout":"default","site-content-style":"default","site-sidebar-style":"default","ast-global-header-display":"","ast-banner-title-visibility":"","ast-main-header-display":"","ast-hfb-above-header-display":"","ast-hfb-below-header-display":"","ast-hfb-mobile-header-display":"","site-post-title":"","ast-breadcrumbs-content":"","ast-featured-img":"","footer-sml-layout":"","ast-disable-related-posts":"","theme-transparent-header-meta":"","adv-header-id-meta":"","stick-header-meta":"","header-above-stick-meta":"","header-main-stick-meta":"","header-below-stick-meta":"","astra-migrate-meta-layouts":"default","ast-page-background-enabled":"default","ast-page-background-meta":{"desktop":{"background-color":"","background-image":"","background-repeat":"repeat","background-position":"center center","background-size":"auto","background-attachment":"scroll","background-type":"","background-media":"","overlay-type":"","overlay-color":"","overlay-opacity":"","overlay-gradient":""},"tablet":{"background-color":"","background-image":"","background-repeat":"repeat","background-position":"center center","background-size":"auto","background-attachment":"scroll","background-type":"","background-media":"","overlay-type":"","overlay-color":"","overlay-opacity":"","overlay-gradient":""},"mobile":{"background-color":"","background-image":"","background-repeat":"repeat","background-position":"center center","background-size":"auto","background-attachment":"scroll","background-type":"","background-media":"","overlay-type":"","overlay-color":"","overlay-opacity":"","overlay-gradient":""}},"ast-content-background-meta":{"desktop":{"background-color":"var(--ast-global-color-5)","background-image":"","background-repeat":"repeat","background-position":"center center","background-size":"auto","background-attachment":"scroll","background-type":"","background-media":"","overlay-type":"","overlay-color":"","overlay-opacity":"","overlay-gradient":""},"tablet":{"background-color":"var(--ast-global-color-5)","background-image":"","background-repeat":"repeat","background-position":"center center","background-size":"auto","background-attachment":"scroll","background-type":"","background-media":"","overlay-type":"","overlay-color":"","overlay-opacity":"","overlay-gradient":""},"mobile":{"background-color":"var(--ast-global-color-5)","background-image":"","background-repeat":"repeat","background-position":"center center","background-size":"auto","background-attachment":"scroll","background-type":"","background-media":"","overlay-type":"","overlay-color":"","overlay-opacity":"","overlay-gradient":""}},"footnotes":""},"class_list":["post-45","page","type-page","status-publish","hentry"],"_links":{"self":[{"href":"https:\/\/www.cbg-weiden.de\/ru\/wp-json\/wp\/v2\/pages\/45","targetHints":{"allow":["GET"]}}],"collection":[{"href":"https:\/\/www.cbg-weiden.de\/ru\/wp-json\/wp\/v2\/pages"}],"about":[{"href":"https:\/\/www.cbg-weiden.de\/ru\/wp-json\/wp\/v2\/types\/page"}],"author":[{"embeddable":true,"href":"https:\/\/www.cbg-weiden.de\/ru\/wp-json\/wp\/v2\/users\/1"}],"replies":[{"embeddable":true,"href":"https:\/\/www.cbg-weiden.de\/ru\/wp-json\/wp\/v2\/comments?post=45"}],"version-history":[{"count":26,"href":"https:\/\/www.cbg-weiden.de\/ru\/wp-json\/wp\/v2\/pages\/45\/revisions"}],"predecessor-version":[{"id":923,"href":"https:\/\/www.cbg-weiden.de\/ru\/wp-json\/wp\/v2\/pages\/45\/revisions\/923"}],"wp:attachment":[{"href":"https:\/\/www.cbg-weiden.de\/ru\/wp-json\/wp\/v2\/media?parent=45"}],"curies":[{"name":"wp","href":"https:\/\/api.w.org\/{rel}","templated":true}]}}