{"id":53,"date":"2019-05-08T07:56:02","date_gmt":"2019-05-08T05:56:02","guid":{"rendered":"https:\/\/www.cbg-weiden.de\/?page_id=53"},"modified":"2022-04-05T21:02:43","modified_gmt":"2022-04-05T19:02:43","slug":"was-wir-glauben","status":"publish","type":"page","link":"https:\/\/www.cbg-weiden.de\/ru\/was-wir-glauben\/","title":{"rendered":"Was wir glauben"},"content":{"rendered":"<div data-elementor-type=\"wp-page\" data-elementor-id=\"53\" class=\"elementor elementor-53\">\n\t\t\t\t\t\t<section class=\"elementor-section elementor-top-section elementor-element elementor-element-66666d7 elementor-section-full_width elementor-section-height-default elementor-section-height-default\" data-id=\"66666d7\" data-element_type=\"section\" data-e-type=\"section\" data-settings=\"{&quot;background_background&quot;:&quot;gradient&quot;}\">\n\t\t\t\t\t\t<div class=\"elementor-container elementor-column-gap-default\">\n\t\t\t\t\t<div class=\"elementor-column elementor-col-100 elementor-top-column elementor-element elementor-element-ef163bd\" data-id=\"ef163bd\" data-element_type=\"column\" data-e-type=\"column\">\n\t\t\t<div class=\"elementor-widget-wrap elementor-element-populated\">\n\t\t\t\t\t\t<div class=\"elementor-element elementor-element-cbeca29 elementor-widget elementor-widget-text-editor\" data-id=\"cbeca29\" data-element_type=\"widget\" data-e-type=\"widget\" data-widget_type=\"text-editor.default\">\n\t\t\t\t<div class=\"elementor-widget-container\">\n\t\t\t\t\t\t\t\t\t<div id=\"text-92-0-0-1\" class=\"module module-text text-92-0-0-1\">\n<h1>Unser Glaubensbekenntnis<\/h1>\n<\/div>\n<div id=\"text-92-0-0-2\" class=\"module module-text text-92-0-0-2\">\n<p style=\"text-align: justify;\">Dieses Glaubensbekenntnis soll zeigen, auf welcher Basis der Glaube\nund die Lehre der Christlichen Baptistengemeinde Weiden steht. <\/br> Grunds\u00e4tzlich ist die Bibel als Wort Gottes unsere einzige Richtschnur.\nJedoch wurde dieses Bekenntnis geschrieben, um aus dem reichen Schatz\nder Bibel einige Kernaussagen f\u00fcr die Gemeinde zu sch\u00f6pfen\nund um Besuchern und Interessierten ein Bild davon zu ermitteln,\nwas sie in unserer Gemeinde erwartet.<\/p>\n\n<\/div>\t\t\t\t\t\t\t\t<\/div>\n\t\t\t\t<\/div>\n\t\t\t\t\t<\/div>\n\t\t<\/div>\n\t\t\t\t\t<\/div>\n\t\t<\/section>\n\t\t\t\t<section class=\"elementor-section elementor-top-section elementor-element elementor-element-8027c0d elementor-section-full_width elementor-section-height-default elementor-section-height-default\" data-id=\"8027c0d\" data-element_type=\"section\" data-e-type=\"section\">\n\t\t\t\t\t\t<div class=\"elementor-container elementor-column-gap-default\">\n\t\t\t\t\t<div class=\"elementor-column elementor-col-100 elementor-top-column elementor-element elementor-element-384d2ec\" data-id=\"384d2ec\" data-element_type=\"column\" data-e-type=\"column\">\n\t\t\t<div class=\"elementor-widget-wrap elementor-element-populated\">\n\t\t\t\t\t\t<section class=\"elementor-section elementor-inner-section elementor-element elementor-element-1bae2fa elementor-section-full_width elementor-section-height-default elementor-section-height-default\" data-id=\"1bae2fa\" data-element_type=\"section\" data-e-type=\"section\">\n\t\t\t\t\t\t<div class=\"elementor-container elementor-column-gap-default\">\n\t\t\t\t\t<div class=\"elementor-column elementor-col-50 elementor-inner-column elementor-element elementor-element-c2dc686\" data-id=\"c2dc686\" data-element_type=\"column\" data-e-type=\"column\">\n\t\t\t<div class=\"elementor-widget-wrap elementor-element-populated\">\n\t\t\t\t\t\t<div class=\"elementor-element elementor-element-e11dd1e elementor-widget elementor-widget-text-editor\" data-id=\"e11dd1e\" data-element_type=\"widget\" data-e-type=\"widget\" data-widget_type=\"text-editor.default\">\n\t\t\t\t<div class=\"elementor-widget-container\">\n\t\t\t\t\t\t\t\t\t<div id=\"text-92-0-0-3\" class=\"module module-text text-92-0-0-3\">\n<h1>Von Gott<\/h1>\n<\/div>\n<div id=\"text-92-0-0-4\" class=\"module module-text text-92-0-0-4\">\n<p align=\"justify\">\n<ol>\n \t<li><strong>Wir glauben<\/strong>, dass da sei ein Gott und sonst keiner (5. Mo 4, 35).\nDieser alleinige Gott ist Sch\u00f6pfer Himmels und der Erde (1. Mo 1,1).<\/li>\n \t<li>Dieser alleinige Gott hat sich offenbart als Vater, Sohn und Heiliger Geist (Jes. 63, 16; Lk. 3, 21-22; Joh. 16, 13-15).<\/li>\n \t<li>Von Christus dem Sohn, <strong>glauben und bekennen wir<\/strong>,\ndass er unser Herr und Heiland und Erl\u00f6ser geworden ist (2. Kor 4, 5; R\u00f6m. 3, 24).\nEr selbst ist wahrhaftiger Gott von Ewigkeit her. (1. Joh. 5, 20; Hebr. 13, 8).<\/li>\n \t<li>Von dem Heiligen Geist <strong>glauben und bekennen wir<\/strong>,\ndass er der Geist des Vaters und des Sohnes ist, der vom Vater ausgeht,\nvom Sohn gesandt ist (Joh. 14, 16; 15, 26), und mit ihnen eines\ng\u00f6ttlichen Wesens ist (R\u00f6m. 8, 14; Apg. 5, 3-4).<\/li>\n \t<li><strong>Wir glauben und bekennen<\/strong>,\ndass der Vater, der Sohn und der Heilige Geist eins sind\nim Wesen, Willen und Wirken (Joh. 10, 30; Eph. 3, 14-17),\nso dass der Vater wahrhaftiger, ewiger Gott ist (Joh. 17, 3),\nder Sohn wahrhaftiger, ewiger Gott ist (1. Joh. 5, 20)\nund der Heilige Geist wahrhaftiger, ewiger Gott ist (Apg. 5, 3-4).\nUnd doch glauben wir nicht an drei G\u00f6tter, sondern an einen\neinigen, ewigen, unbegreiflichen, dreieinigen Gott\n(4. Mo 6, 24-26; Jes. 6, 3; Lk. 3, 22; Offb. 4, 8).<\/li>\n<\/ol>\n<\/div>\n<\/p>\t\t\t\t\t\t\t\t<\/div>\n\t\t\t\t<\/div>\n\t\t\t\t\t<\/div>\n\t\t<\/div>\n\t\t\t\t<div class=\"elementor-column elementor-col-50 elementor-inner-column elementor-element elementor-element-7924193\" data-id=\"7924193\" data-element_type=\"column\" data-e-type=\"column\">\n\t\t\t<div class=\"elementor-widget-wrap elementor-element-populated\">\n\t\t\t\t\t\t<div class=\"elementor-element elementor-element-793a2b3 elementor-widget elementor-widget-text-editor\" data-id=\"793a2b3\" data-element_type=\"widget\" data-e-type=\"widget\" data-widget_type=\"text-editor.default\">\n\t\t\t\t<div class=\"elementor-widget-container\">\n\t\t\t\t\t\t\t\t\t<div id=\"text-92-0-0-5\" class=\"module module-text text-92-0-0-5\"><h1>Von der S\u00fcnde<\/h1><div>\u00a0<\/div><\/div><div id=\"text-92-0-0-6\" class=\"module module-text text-92-0-0-6\"><ol><li>Von der S\u00fcnde <strong>glauben und bekennen wir<\/strong>,<br \/>dass Gott den Menschen nach seinem Bilde schuf (1. Mo 1, 27.31),<br \/>f\u00e4hig zur seligen Gemeinschaft mit ihm (1. Mo 3, 8a).<br \/>Doch der Mensch, obwohl von Gott gewarnt (1. Mo 2, 16-17),<br \/>h\u00f6rte auf die Stimme des Satans, s\u00fcndigte und fiel von Gott ab (1. Mo 3, 1-9).<br \/>Also verfiel der Mensch mit allen seinen Nachkommen<br \/>dem leiblichen und geistlichen Tode (R\u00f6m. 6, 23; 5, 12.14).<\/li><li>Von der Erl\u00f6sung <strong>glauben und bekennen<\/strong> wir,<br \/>dass der Mensch nur durch das eine, in Ewigkeit g\u00fcltige S\u00fchnopfer Jesu Christi, des Lammes Gottes (Joh. 1, 29; 14, 6) von dem Fluch des Gesetzes (Gal 3, 11-13),<br \/>vom ewigen Tod als dem Lohn der S\u00fcnde (1. Joh. 1,7; R\u00f6m. 6, 23) und dem Zorn Gottes (Joh. 3, 36; R\u00f6m. 5, 9) erl\u00f6st, losgekauft werden kann (Eph. 1, 7; 1. Petr 1, 18-19).<\/li><\/ol><\/div>\t\t\t\t\t\t\t\t<\/div>\n\t\t\t\t<\/div>\n\t\t\t\t\t<\/div>\n\t\t<\/div>\n\t\t\t\t\t<\/div>\n\t\t<\/section>\n\t\t\t\t\t<\/div>\n\t\t<\/div>\n\t\t\t\t\t<\/div>\n\t\t<\/section>\n\t\t\t\t<section class=\"elementor-section elementor-top-section elementor-element elementor-element-43e28a3 elementor-section-full_width elementor-section-height-default elementor-section-height-default\" data-id=\"43e28a3\" data-element_type=\"section\" data-e-type=\"section\">\n\t\t\t\t\t\t<div class=\"elementor-container elementor-column-gap-default\">\n\t\t\t\t\t<div class=\"elementor-column elementor-col-50 elementor-top-column elementor-element elementor-element-ed38898\" data-id=\"ed38898\" data-element_type=\"column\" data-e-type=\"column\">\n\t\t\t<div class=\"elementor-widget-wrap elementor-element-populated\">\n\t\t\t\t\t\t<div class=\"elementor-element elementor-element-b379ab3 elementor-widget elementor-widget-text-editor\" data-id=\"b379ab3\" data-element_type=\"widget\" data-e-type=\"widget\" data-widget_type=\"text-editor.default\">\n\t\t\t\t<div class=\"elementor-widget-container\">\n\t\t\t\t\t\t\t\t\t<div id=\"text-90-0-0-7\" class=\"module module-text text-92-0-0-7\">\n<h2>Von der Annahme des Heils<\/h2>\n<\/div>\n<div id=\"text-90-0-0-8\" class=\"module module-text text-92-0-0-8\">\n<\/br>\n<strong>1<\/strong>. <strong>Wir glauben und bekennen<\/strong>, dass durch das lebendige und kr\u00e4ftige Wort Gottes der Mensch von seinem S\u00fcndenschlaf erweckt wird (Joh. 1, 9; 3, 7; Hebr. 4, 12).\nWenn er nun sein Herz der Wirkung der g\u00f6ttlichen Gnade \u00f6ffnet\n(Apg. 2, 37; Jes. 55, 10-11), empf\u00e4ngt er Bu\u00dfe (Umkehr) zum Leben\n(Apg. 11, 18; 26, 18), so dass er seine S\u00fcnden erkennt, bereut,\nbekennt und l\u00e4sst (Lk. 15, 17-21; 1. Joh. 1, 9; Jak 5, 16).\n\n<\/div>\t\t\t\t\t\t\t\t<\/div>\n\t\t\t\t<\/div>\n\t\t\t\t\t<\/div>\n\t\t<\/div>\n\t\t\t\t<div class=\"elementor-column elementor-col-50 elementor-top-column elementor-element elementor-element-83b07c8\" data-id=\"83b07c8\" data-element_type=\"column\" data-e-type=\"column\">\n\t\t\t<div class=\"elementor-widget-wrap\">\n\t\t\t\t\t\t\t<\/div>\n\t\t<\/div>\n\t\t\t\t\t<\/div>\n\t\t<\/section>\n\t\t\t\t<\/div>","protected":false},"excerpt":{"rendered":"<p>Unser Glaubensbekenntnis Dieses Glaubensbekenntnis soll zeigen, auf welcher Basis der Glaube und die Lehre der Christlichen Baptistengemeinde Weiden steht. Grunds\u00e4tzlich ist die Bibel als Wort Gottes unsere einzige Richtschnur. Jedoch wurde dieses Bekenntnis geschrieben, um aus dem reichen Schatz der Bibel einige Kernaussagen f\u00fcr die Gemeinde zu sch\u00f6pfen und um Besuchern und Interessierten ein Bild [&hellip;]<\/p>\n","protected":false},"author":1,"featured_media":0,"parent":0,"menu_order":0,"comment_status":"closed","ping_status":"closed","template":"elementor_header_footer","meta":{"site-sidebar-layout":"default","site-content-layout":"","ast-site-content-layout":"default","site-content-style":"default","site-sidebar-style":"default","ast-global-header-display":"","ast-banner-title-visibility":"","ast-main-header-display":"","ast-hfb-above-header-display":"","ast-hfb-below-header-display":"","ast-hfb-mobile-header-display":"","site-post-title":"","ast-breadcrumbs-content":"","ast-featured-img":"","footer-sml-layout":"","ast-disable-related-posts":"","theme-transparent-header-meta":"","adv-header-id-meta":"","stick-header-meta":"","header-above-stick-meta":"","header-main-stick-meta":"","header-below-stick-meta":"","astra-migrate-meta-layouts":"default","ast-page-background-enabled":"default","ast-page-background-meta":{"desktop":{"background-color":"","background-image":"","background-repeat":"repeat","background-position":"center center","background-size":"auto","background-attachment":"scroll","background-type":"","background-media":"","overlay-type":"","overlay-color":"","overlay-opacity":"","overlay-gradient":""},"tablet":{"background-color":"","background-image":"","background-repeat":"repeat","background-position":"center center","background-size":"auto","background-attachment":"scroll","background-type":"","background-media":"","overlay-type":"","overlay-color":"","overlay-opacity":"","overlay-gradient":""},"mobile":{"background-color":"","background-image":"","background-repeat":"repeat","background-position":"center center","background-size":"auto","background-attachment":"scroll","background-type":"","background-media":"","overlay-type":"","overlay-color":"","overlay-opacity":"","overlay-gradient":""}},"ast-content-background-meta":{"desktop":{"background-color":"var(--ast-global-color-5)","background-image":"","background-repeat":"repeat","background-position":"center center","background-size":"auto","background-attachment":"scroll","background-type":"","background-media":"","overlay-type":"","overlay-color":"","overlay-opacity":"","overlay-gradient":""},"tablet":{"background-color":"var(--ast-global-color-5)","background-image":"","background-repeat":"repeat","background-position":"center center","background-size":"auto","background-attachment":"scroll","background-type":"","background-media":"","overlay-type":"","overlay-color":"","overlay-opacity":"","overlay-gradient":""},"mobile":{"background-color":"var(--ast-global-color-5)","background-image":"","background-repeat":"repeat","background-position":"center center","background-size":"auto","background-attachment":"scroll","background-type":"","background-media":"","overlay-type":"","overlay-color":"","overlay-opacity":"","overlay-gradient":""}},"footnotes":""},"class_list":["post-53","page","type-page","status-publish","hentry"],"_links":{"self":[{"href":"https:\/\/www.cbg-weiden.de\/ru\/wp-json\/wp\/v2\/pages\/53","targetHints":{"allow":["GET"]}}],"collection":[{"href":"https:\/\/www.cbg-weiden.de\/ru\/wp-json\/wp\/v2\/pages"}],"about":[{"href":"https:\/\/www.cbg-weiden.de\/ru\/wp-json\/wp\/v2\/types\/page"}],"author":[{"embeddable":true,"href":"https:\/\/www.cbg-weiden.de\/ru\/wp-json\/wp\/v2\/users\/1"}],"replies":[{"embeddable":true,"href":"https:\/\/www.cbg-weiden.de\/ru\/wp-json\/wp\/v2\/comments?post=53"}],"version-history":[{"count":36,"href":"https:\/\/www.cbg-weiden.de\/ru\/wp-json\/wp\/v2\/pages\/53\/revisions"}],"predecessor-version":[{"id":909,"href":"https:\/\/www.cbg-weiden.de\/ru\/wp-json\/wp\/v2\/pages\/53\/revisions\/909"}],"wp:attachment":[{"href":"https:\/\/www.cbg-weiden.de\/ru\/wp-json\/wp\/v2\/media?parent=53"}],"curies":[{"name":"wp","href":"https:\/\/api.w.org\/{rel}","templated":true}]}}