{"id":9,"date":"2019-05-06T19:44:49","date_gmt":"2019-05-06T17:44:49","guid":{"rendered":"https:\/\/www.cbg-weiden.de\/?page_id=9"},"modified":"2021-01-21T09:00:50","modified_gmt":"2021-01-21T08:00:50","slug":"impressum","status":"publish","type":"page","link":"https:\/\/www.cbg-weiden.de\/ru\/impressum\/","title":{"rendered":"Impressum"},"content":{"rendered":"<div data-elementor-type=\"wp-post\" data-elementor-id=\"9\" class=\"elementor elementor-9\">\n\t\t\t\t\t\t<section class=\"elementor-section elementor-top-section elementor-element elementor-element-2cf2c5c4 elementor-section-boxed elementor-section-height-default elementor-section-height-default\" data-id=\"2cf2c5c4\" data-element_type=\"section\" data-e-type=\"section\">\n\t\t\t\t\t\t<div class=\"elementor-container elementor-column-gap-default\">\n\t\t\t\t\t<div class=\"elementor-column elementor-col-100 elementor-top-column elementor-element elementor-element-67a343cc\" data-id=\"67a343cc\" data-element_type=\"column\" data-e-type=\"column\">\n\t\t\t<div class=\"elementor-widget-wrap elementor-element-populated\">\n\t\t\t\t\t\t<div class=\"elementor-element elementor-element-4d329cab elementor-widget elementor-widget-text-editor\" data-id=\"4d329cab\" data-element_type=\"widget\" data-e-type=\"widget\" data-widget_type=\"text-editor.default\">\n\t\t\t\t<div class=\"elementor-widget-container\">\n\t\t\t\t\t\t\t\t\t<p><\/p>\n<p>Angaben gem\u00e4\u00df \u00a7 5 TMG<\/p>\n<p><\/p>\n<p><\/p>\n<p><strong>Betreiber der Website:<\/strong><\/p>\n<p><\/p>\n<p><\/p>\n<p>Christliche Baptistengemeinde Weiden e.V.<br>Oskar-von-Millerstra\u00dfe 21<br>92637 Weiden<\/p>\n<p><\/p>\n<p><\/p>\n<p><strong>Pastor der Gemeinde<\/strong><br>Vitaly Heidel <br>Tel: +49178-9144881<\/p>\n<p><\/p>\n<p><\/p>\n<p><strong>Verantwortlicher f\u00fcr die Seite<\/strong><br>Alen Lohrer<br>E-Mail: info@cbg-weiden.de<\/p>\n<p><\/p>\n<p><\/p>\n<p><strong>Registereintrag: <\/strong><\/p>\n<p>Die Christliche Baptistengemeinde Weiden e.V. ist im Vereinsregister Weiden i.d.OPf. unter der Nummer VR 200598 eingetragen<br><\/p>\n<p><br><\/p>\n<p><\/p>\n<p><\/p>\n<h3 class=\"wp-block-heading\">Haftungsausschluss:<\/h3>\n<p><\/p>\n<p><\/p>\n<p><strong>Haftung f\u00fcr Inhalte<\/strong><\/p>\n<p><\/p>\n<p><\/p>\n<p>&nbsp;Die Inhalte unserer Seiten wurden mit gr\u00f6\u00dfter Sorgfalt erstellt. F\u00fcr die<br>Richtigkeit, Vollst\u00e4ndigkeit und Aktualit\u00e4t der Inhalte k\u00f6nnen wir<br>jedoch keine Gew\u00e4hr \u00fcbernehmen. Als Diensteanbieter sind wir gem\u00e4\u00df \u00a7 7<br>Abs.1 TMG f\u00fcr eigene Inhalte auf diesen Seiten nach den allgemeinen<br>Gesetzen verantwortlich. Nach \u00a7\u00a7 8 bis 10 TMG sind wir als<br>Diensteanbieter jedoch nicht verpflichtet, \u00fcbermittelte oder<br>gespeicherte fremde Informationen zu \u00fcberwachen oder nach Umst\u00e4nden zu<br>forschen, die auf eine rechtswidrige T\u00e4tigkeit hinweisen.<br>Verpflichtungen zur Entfernung oder Sperrung der Nutzung von<br>Informationen nach den allgemeinen Gesetzen bleiben hiervon unber\u00fchrt.<br>Eine diesbez\u00fcgliche Haftung ist jedoch erst ab dem Zeitpunkt der<br>Kenntnis einer konkreten Rechtsverletzung m\u00f6glich. Bei Bekanntwerden von<br>entsprechenden Rechtsverletzungen werden wir diese Inhalte umgehend<br>entfernen.<\/p>\n<p><\/p>\t\t\t\t\t\t\t\t<\/div>\n\t\t\t\t<\/div>\n\t\t\t\t\t<\/div>\n\t\t<\/div>\n\t\t\t\t\t<\/div>\n\t\t<\/section>\n\t\t\t\t<\/div>","protected":false},"excerpt":{"rendered":"<p>Angaben gem\u00e4\u00df \u00a7 5 TMG Betreiber der Website: Christliche Baptistengemeinde Weiden e.V.Oskar-von-Millerstra\u00dfe 2192637 Weiden Pastor der GemeindeVitaly Heidel Tel: +49178-9144881 Verantwortlicher f\u00fcr die SeiteAlen LohrerE-Mail: info@cbg-weiden.de Registereintrag: Die Christliche Baptistengemeinde Weiden e.V. ist im Vereinsregister Weiden i.d.OPf. unter der Nummer VR 200598 eingetragen Haftungsausschluss: Haftung f\u00fcr Inhalte &nbsp;Die Inhalte unserer Seiten wurden mit gr\u00f6\u00dfter Sorgfalt [&hellip;]<\/p>\n","protected":false},"author":1,"featured_media":0,"parent":0,"menu_order":0,"comment_status":"closed","ping_status":"closed","template":"elementor_header_footer","meta":{"site-sidebar-layout":"default","site-content-layout":"","ast-site-content-layout":"default","site-content-style":"default","site-sidebar-style":"default","ast-global-header-display":"","ast-banner-title-visibility":"","ast-main-header-display":"","ast-hfb-above-header-display":"","ast-hfb-below-header-display":"","ast-hfb-mobile-header-display":"","site-post-title":"","ast-breadcrumbs-content":"","ast-featured-img":"","footer-sml-layout":"","ast-disable-related-posts":"","theme-transparent-header-meta":"","adv-header-id-meta":"","stick-header-meta":"","header-above-stick-meta":"","header-main-stick-meta":"","header-below-stick-meta":"","astra-migrate-meta-layouts":"default","ast-page-background-enabled":"default","ast-page-background-meta":{"desktop":{"background-color":"","background-image":"","background-repeat":"repeat","background-position":"center center","background-size":"auto","background-attachment":"scroll","background-type":"","background-media":"","overlay-type":"","overlay-color":"","overlay-opacity":"","overlay-gradient":""},"tablet":{"background-color":"","background-image":"","background-repeat":"repeat","background-position":"center center","background-size":"auto","background-attachment":"scroll","background-type":"","background-media":"","overlay-type":"","overlay-color":"","overlay-opacity":"","overlay-gradient":""},"mobile":{"background-color":"","background-image":"","background-repeat":"repeat","background-position":"center center","background-size":"auto","background-attachment":"scroll","background-type":"","background-media":"","overlay-type":"","overlay-color":"","overlay-opacity":"","overlay-gradient":""}},"ast-content-background-meta":{"desktop":{"background-color":"var(--ast-global-color-5)","background-image":"","background-repeat":"repeat","background-position":"center center","background-size":"auto","background-attachment":"scroll","background-type":"","background-media":"","overlay-type":"","overlay-color":"","overlay-opacity":"","overlay-gradient":""},"tablet":{"background-color":"var(--ast-global-color-5)","background-image":"","background-repeat":"repeat","background-position":"center center","background-size":"auto","background-attachment":"scroll","background-type":"","background-media":"","overlay-type":"","overlay-color":"","overlay-opacity":"","overlay-gradient":""},"mobile":{"background-color":"var(--ast-global-color-5)","background-image":"","background-repeat":"repeat","background-position":"center center","background-size":"auto","background-attachment":"scroll","background-type":"","background-media":"","overlay-type":"","overlay-color":"","overlay-opacity":"","overlay-gradient":""}},"footnotes":""},"class_list":["post-9","page","type-page","status-publish","hentry"],"_links":{"self":[{"href":"https:\/\/www.cbg-weiden.de\/ru\/wp-json\/wp\/v2\/pages\/9","targetHints":{"allow":["GET"]}}],"collection":[{"href":"https:\/\/www.cbg-weiden.de\/ru\/wp-json\/wp\/v2\/pages"}],"about":[{"href":"https:\/\/www.cbg-weiden.de\/ru\/wp-json\/wp\/v2\/types\/page"}],"author":[{"embeddable":true,"href":"https:\/\/www.cbg-weiden.de\/ru\/wp-json\/wp\/v2\/users\/1"}],"replies":[{"embeddable":true,"href":"https:\/\/www.cbg-weiden.de\/ru\/wp-json\/wp\/v2\/comments?post=9"}],"version-history":[{"count":25,"href":"https:\/\/www.cbg-weiden.de\/ru\/wp-json\/wp\/v2\/pages\/9\/revisions"}],"predecessor-version":[{"id":857,"href":"https:\/\/www.cbg-weiden.de\/ru\/wp-json\/wp\/v2\/pages\/9\/revisions\/857"}],"wp:attachment":[{"href":"https:\/\/www.cbg-weiden.de\/ru\/wp-json\/wp\/v2\/media?parent=9"}],"curies":[{"name":"wp","href":"https:\/\/api.w.org\/{rel}","templated":true}]}}